{"id":174,"date":"2020-01-30T09:28:53","date_gmt":"2020-01-30T09:28:53","guid":{"rendered":"https:\/\/demosites.io\/architecture-gb\/?page_id=174"},"modified":"2024-09-13T11:58:26","modified_gmt":"2024-09-13T10:58:26","slug":"e866c-homepage","status":"publish","type":"page","link":"https:\/\/pk-system.pl\/","title":{"rendered":"Strona G\u0142\u00f3wna"},"content":{"rendered":"\n<div id=\"wp-block-themeisle-blocks-advanced-columns-17417fc2\" class=\"wp-block-themeisle-blocks-advanced-columns alignfull has-1-columns has-desktop-equal-layout has-tablet-equal-layout has-mobile-equal-layout has-vertical-unset\"><div class=\"wp-block-themeisle-blocks-advanced-columns-overlay\"><\/div><div class=\"innerblocks-wrap\">\n<div id=\"wp-block-themeisle-blocks-advanced-column-14a56319\" class=\"wp-block-themeisle-blocks-advanced-column\">\n<h1 id=\"wp-block-themeisle-blocks-advanced-heading-7219cdff\" class=\"wp-block-themeisle-blocks-advanced-heading wp-block-themeisle-blocks-advanced-heading-7219cdff\">PK-System AUTOMOTIVE<\/h1>\n\n\n\n<p class=\"has-text-align-center has-white-color has-text-color\" style=\"font-size:22px\">Wkraczamy na rynek z pasj\u0105 i zaanga\u017cowaniem, oferuj\u0105c kompleksowe rozwi\u0105zania w zakresie monta\u017cu linii produkcyjnych, lakierni oraz system\u00f3w przeno\u015bnikowych. Nasza firma,<br>PK-System Automotive, zdobywa uznanie zar\u00f3wno na polskim, jak i mi\u0119dzynarodowym rynku, \u015bwiadcz\u0105c us\u0142ugi na najwy\u017cszym poziomie<\/p>\n\n\n\n<div class=\"wp-block-buttons is-horizontal is-content-justification-center is-layout-flex wp-container-core-buttons-is-layout-499968f5 wp-block-buttons-is-layout-flex\">\n<div class=\"wp-block-button is-style-primary\"><a class=\"wp-block-button__link wp-element-button\" href=\"https:\/\/pk-system.pl\/index.php\/e866c-our-projects\/\" rel=\"\">ZOBACZ REALIZACJE<\/a><\/div>\n<\/div>\n<\/div>\n<\/div><\/div>\n\n\n\n<section id=\"wp-block-themeisle-blocks-advanced-columns-335a2f03\" class=\"wp-block-themeisle-blocks-advanced-columns alignfull has-1-columns has-desktop-equal-layout has-tablet-equal-layout has-mobile-equal-layout has-vertical-flex-start has-dark-bg\"><div class=\"wp-block-themeisle-blocks-advanced-columns-overlay\"><\/div><div class=\"innerblocks-wrap\">\n<div id=\"wp-block-themeisle-blocks-advanced-column-5d90343f\" class=\"wp-block-themeisle-blocks-advanced-column\">\n<section id=\"wp-block-themeisle-blocks-advanced-columns-b2ead1d6\" class=\"wp-block-themeisle-blocks-advanced-columns has-2-columns has-desktop-equal-layout has-tablet-equal-layout has-mobile-collapsedRows-layout has-vertical-center\"><div class=\"wp-block-themeisle-blocks-advanced-columns-overlay\"><\/div><div class=\"innerblocks-wrap\">\n<div id=\"wp-block-themeisle-blocks-advanced-column-7c705a1c\" class=\"wp-block-themeisle-blocks-advanced-column\">\n<h2 class=\"wp-block-heading has-nv-text-dark-bg-color has-text-color\">Konstrukcje stalowe<\/h2>\n\n\n\n<p class=\"has-nv-text-dark-bg-color has-text-color\">Nasze wieloletnie do\u015bwiadczenie na rynku umo\u017cliwia nam negocjowanie najlepszych cen zar\u00f3wno za projekt, jak i elementy stalowe, s\u0142u\u017c\u0105c inwestorowi optymalnymi rozwi\u0105zaniami finansowymi. Realizujemy tak\u017ce monta\u017ce z materia\u0142\u00f3w dostarczonych przez klienta. <strong>Dodatkowo,<\/strong> dysponujemy sprz\u0119tem spawalniczym najwy\u017cszej jako\u015bci oraz gotowymi do wyjazd\u00f3w zagranicznych brygadami sk\u0142adaj\u0105cymi si\u0119 od 2 do 50 specjalist\u00f3w, w tym monter\u00f3w, spawaczy i elektryk\u00f3w posiadaj\u0105cych europejskie certyfikaty SCC oraz certyfikaty spawalnicze MIG, MAG i TIG. Jeste\u015bmy elastyczni i gotowi do realizacji zar\u00f3wno kr\u00f3tkoterminowych i d\u0142ugoterminowych kontrakt\u00f3w.<\/p>\n<\/div>\n\n\n\n<div id=\"wp-block-themeisle-blocks-advanced-column-5f9a9ec0\" class=\"wp-block-themeisle-blocks-advanced-column\">\n<figure class=\"wp-block-image size-full animated fadeInUp delay-100ms slow\"><img fetchpriority=\"high\" decoding=\"async\" width=\"2580\" height=\"1508\" src=\"https:\/\/pk-system.pl\/wp-content\/uploads\/2024\/02\/Image-31.png\" alt=\"\" class=\"wp-image-422\" srcset=\"https:\/\/pk-system.pl\/wp-content\/uploads\/2024\/02\/Image-31.png 2580w, https:\/\/pk-system.pl\/wp-content\/uploads\/2024\/02\/Image-31-300x175.png 300w, https:\/\/pk-system.pl\/wp-content\/uploads\/2024\/02\/Image-31-1024x599.png 1024w, https:\/\/pk-system.pl\/wp-content\/uploads\/2024\/02\/Image-31-768x449.png 768w, https:\/\/pk-system.pl\/wp-content\/uploads\/2024\/02\/Image-31-1536x898.png 1536w, https:\/\/pk-system.pl\/wp-content\/uploads\/2024\/02\/Image-31-2048x1197.png 2048w\" sizes=\"(max-width: 2580px) 100vw, 2580px\" \/><\/figure>\n<\/div>\n<\/div><\/section>\n\n\n\n<section id=\"wp-block-themeisle-blocks-advanced-columns-8e7cc7ae\" class=\"wp-block-themeisle-blocks-advanced-columns has-3-columns has-desktop-equal-layout has-tablet-equal-layout has-mobile-collapsedRows-layout has-vertical-flex-start\"><div class=\"wp-block-themeisle-blocks-advanced-columns-overlay\"><\/div><div class=\"innerblocks-wrap\">\n<div id=\"wp-block-themeisle-blocks-advanced-column-725f10a7\" class=\"wp-block-themeisle-blocks-advanced-column\">\n<figure class=\"wp-block-image size-full is-resized animated fadeInUp slow\"><img decoding=\"async\" width=\"2580\" height=\"1422\" src=\"https:\/\/pk-system.pl\/wp-content\/uploads\/2024\/02\/Image-27.png\" alt=\"\" class=\"wp-image-447\" style=\"aspect-ratio:1;object-fit:cover;width:350px\" srcset=\"https:\/\/pk-system.pl\/wp-content\/uploads\/2024\/02\/Image-27.png 2580w, https:\/\/pk-system.pl\/wp-content\/uploads\/2024\/02\/Image-27-300x165.png 300w, https:\/\/pk-system.pl\/wp-content\/uploads\/2024\/02\/Image-27-1024x564.png 1024w, https:\/\/pk-system.pl\/wp-content\/uploads\/2024\/02\/Image-27-768x423.png 768w, https:\/\/pk-system.pl\/wp-content\/uploads\/2024\/02\/Image-27-1536x847.png 1536w, https:\/\/pk-system.pl\/wp-content\/uploads\/2024\/02\/Image-27-2048x1129.png 2048w\" sizes=\"(max-width: 2580px) 100vw, 2580px\" \/><\/figure>\n<\/div>\n\n\n\n<div id=\"wp-block-themeisle-blocks-advanced-column-3c67f726\" class=\"wp-block-themeisle-blocks-advanced-column\">\n<figure class=\"wp-block-image size-full animated fadeInUp delay-200ms slow\"><img decoding=\"async\" width=\"2580\" height=\"1430\" src=\"https:\/\/pk-system.pl\/wp-content\/uploads\/2024\/02\/Image-11.png\" alt=\"\" class=\"wp-image-431\" style=\"aspect-ratio:1;object-fit:cover\" srcset=\"https:\/\/pk-system.pl\/wp-content\/uploads\/2024\/02\/Image-11.png 2580w, https:\/\/pk-system.pl\/wp-content\/uploads\/2024\/02\/Image-11-300x166.png 300w, https:\/\/pk-system.pl\/wp-content\/uploads\/2024\/02\/Image-11-1024x568.png 1024w, https:\/\/pk-system.pl\/wp-content\/uploads\/2024\/02\/Image-11-768x426.png 768w, https:\/\/pk-system.pl\/wp-content\/uploads\/2024\/02\/Image-11-1536x851.png 1536w, https:\/\/pk-system.pl\/wp-content\/uploads\/2024\/02\/Image-11-2048x1135.png 2048w\" sizes=\"(max-width: 2580px) 100vw, 2580px\" \/><\/figure>\n<\/div>\n\n\n\n<div id=\"wp-block-themeisle-blocks-advanced-column-4956dbc0\" class=\"wp-block-themeisle-blocks-advanced-column\">\n<figure class=\"wp-block-image size-full animated fadeInUp delay-500ms slow\"><img loading=\"lazy\" decoding=\"async\" width=\"2580\" height=\"1398\" src=\"https:\/\/pk-system.pl\/wp-content\/uploads\/2024\/02\/Image-28.png\" alt=\"\" class=\"wp-image-448\" style=\"aspect-ratio:1;object-fit:cover\" srcset=\"https:\/\/pk-system.pl\/wp-content\/uploads\/2024\/02\/Image-28.png 2580w, https:\/\/pk-system.pl\/wp-content\/uploads\/2024\/02\/Image-28-300x163.png 300w, https:\/\/pk-system.pl\/wp-content\/uploads\/2024\/02\/Image-28-1024x555.png 1024w, https:\/\/pk-system.pl\/wp-content\/uploads\/2024\/02\/Image-28-768x416.png 768w, https:\/\/pk-system.pl\/wp-content\/uploads\/2024\/02\/Image-28-1536x832.png 1536w, https:\/\/pk-system.pl\/wp-content\/uploads\/2024\/02\/Image-28-2048x1110.png 2048w\" sizes=\"(max-width: 2580px) 100vw, 2580px\" \/><\/figure>\n<\/div>\n<\/div><\/section>\n<\/div>\n<\/div><\/section>\n\n\n\n<div id=\"wp-block-themeisle-blocks-advanced-columns-7591d0fe\" class=\"wp-block-themeisle-blocks-advanced-columns alignfull has-2-columns has-desktop-equal-layout has-tablet-equal-layout has-mobile-collapsedRows-layout has-vertical-unset has-dark-bg\"><div class=\"wp-block-themeisle-blocks-advanced-columns-overlay\"><\/div><div class=\"innerblocks-wrap\">\n<div id=\"wp-block-themeisle-blocks-advanced-column-580947ad\" class=\"wp-block-themeisle-blocks-advanced-column\">\n<figure class=\"wp-block-image size-large animated fadeInUp slow\"><img loading=\"lazy\" decoding=\"async\" width=\"574\" height=\"1024\" src=\"https:\/\/pk-system.pl\/wp-content\/uploads\/2024\/02\/Image-16-574x1024.png\" alt=\"\" class=\"wp-image-437\" style=\"aspect-ratio:1;object-fit:cover\" srcset=\"https:\/\/pk-system.pl\/wp-content\/uploads\/2024\/02\/Image-16-574x1024.png 574w, https:\/\/pk-system.pl\/wp-content\/uploads\/2024\/02\/Image-16-168x300.png 168w, https:\/\/pk-system.pl\/wp-content\/uploads\/2024\/02\/Image-16-768x1369.png 768w, https:\/\/pk-system.pl\/wp-content\/uploads\/2024\/02\/Image-16-862x1536.png 862w, https:\/\/pk-system.pl\/wp-content\/uploads\/2024\/02\/Image-16-1149x2048.png 1149w\" sizes=\"(max-width: 574px) 100vw, 574px\" \/><\/figure>\n<\/div>\n\n\n\n<div id=\"wp-block-themeisle-blocks-advanced-column-1a2d16c7\" class=\"wp-block-themeisle-blocks-advanced-column\">\n<h2 class=\"wp-block-heading has-text-color-color has-text-color\">Monta\u017ce przemys\u0142owe<\/h2>\n\n\n\n<p class=\"has-text-color-color has-text-color\">Realizujemy kompleksowe monta\u017ce, pocz\u0105wszy od konstrukcji ca\u0142ych linii produkcyjnych po instalacj\u0119 poszczeg\u00f3lnych element\u00f3w. Nasza ekspertyza obejmuje prace w najwi\u0119kszych zak\u0142adach produkcyjnych na \u015bwiecie, specjalizuj\u0105cych si\u0119 w produkcji samochod\u00f3w, maszyn rolniczych oraz komponent\u00f3w dla bran\u017cy motoryzacyjnej. Opr\u00f3cz tego, nasi elektrycy anga\u017cuj\u0105 si\u0119 w monta\u017c system\u00f3w sterowania i zasilania linii produkcyjnych w r\u00f3\u017cnorodnych sektorach przemys\u0142owych. Nasze projekty obejmuj\u0105 monta\u017c szaf steruj\u0105cych, rozdzielni, robot\u00f3w przemys\u0142owych, linii transportowych i wind. Dzi\u0119ki temu, nasze dzia\u0142ania wspieraj\u0105 efektywno\u015b\u0107 i innowacyjno\u015b\u0107 produkcji w r\u00f3\u017cnych ga\u0142\u0119ziach przemys\u0142u.<\/p>\n<\/div>\n<\/div><\/div>\n\n\n\n<div id=\"wp-block-themeisle-blocks-advanced-columns-27c6d13c\" class=\"wp-block-themeisle-blocks-advanced-columns alignfull has-2-columns has-desktop-equal-layout has-tablet-equal-layout has-mobile-collapsedRows-layout has-vertical-unset has-dark-bg\"><div class=\"wp-block-themeisle-blocks-advanced-columns-overlay\"><\/div><div class=\"innerblocks-wrap\">\n<div id=\"wp-block-themeisle-blocks-advanced-column-00efda99\" class=\"wp-block-themeisle-blocks-advanced-column\">\n<h2 class=\"wp-block-heading has-nv-text-dark-bg-color has-text-color\">Monta\u017c lakierni<\/h2>\n\n\n\n<p>Nasz wykwalifikowany zesp\u00f3\u0142 posiada bogate do\u015bwiadczenie w monta\u017cu lakierni, zdobywane podczas prac przy projektach lakierniczych r\u00f3\u017cnych producent\u00f3w z Polski, W\u0142och i Francji. W trakcie ka\u017cdego etapu prac, starannie dobieramy w\u0142a\u015bciwy zesp\u00f3\u0142 pracownik\u00f3w, co zapewnia efektywno\u015b\u0107 i wysok\u0105 jako\u015b\u0107 realizacji projektu. Nasze umiej\u0119tno\u015bci obejmuj\u0105 kompleksowy monta\u017c lakierni od podstaw zar\u00f3wno na terenie Polski i r\u00f3\u017cnych region\u00f3w Europy.<\/p>\n<\/div>\n\n\n\n<div id=\"wp-block-themeisle-blocks-advanced-column-a7440713\" class=\"wp-block-themeisle-blocks-advanced-column\">\n<figure class=\"wp-block-image size-large animated fadeInUp slow\"><img loading=\"lazy\" decoding=\"async\" width=\"1024\" height=\"564\" src=\"https:\/\/pk-system.pl\/wp-content\/uploads\/2024\/02\/Image-25-1024x564.png\" alt=\"\" class=\"wp-image-445\" srcset=\"https:\/\/pk-system.pl\/wp-content\/uploads\/2024\/02\/Image-25-1024x564.png 1024w, https:\/\/pk-system.pl\/wp-content\/uploads\/2024\/02\/Image-25-300x165.png 300w, https:\/\/pk-system.pl\/wp-content\/uploads\/2024\/02\/Image-25-768x423.png 768w, https:\/\/pk-system.pl\/wp-content\/uploads\/2024\/02\/Image-25-1536x847.png 1536w, https:\/\/pk-system.pl\/wp-content\/uploads\/2024\/02\/Image-25-2048x1129.png 2048w\" sizes=\"(max-width: 1024px) 100vw, 1024px\" \/><\/figure>\n<\/div>\n<\/div><\/div>\n\n\n\n<div id=\"wp-block-themeisle-blocks-advanced-columns-6ef621f5\" class=\"wp-block-themeisle-blocks-advanced-columns alignfull has-2-columns has-desktop-equal-layout has-tablet-equal-layout has-mobile-collapsedRows-layout has-vertical-unset ticss-15377e8c has-dark-bg\"><div class=\"wp-block-themeisle-blocks-advanced-columns-overlay\"><\/div><div class=\"innerblocks-wrap\">\n<div id=\"wp-block-themeisle-blocks-advanced-column-f9f3e7fd\" class=\"wp-block-themeisle-blocks-advanced-column\">\n<h2 class=\"wp-block-heading has-nv-text-dark-bg-color has-text-color\">Skontaktuj si\u0119<\/h2>\n\n\n\n<h3 class=\"wp-block-heading has-nv-text-dark-bg-color has-text-color\">PK-System AutomotivE<\/h3>\n\n\n\n<p class=\"has-nv-text-dark-bg-color has-text-color\">Zab\u0142\u0119dza 114d<br>33-170 Tuch\u00f3w<br>NIP: 9930700937<br>REGON: 527931680<br>KRS: 0001090739<br><a href=\"tel:+48693743643\">Tel: +48 693 743 643<\/a><\/p>\n\n\n\n<div style=\"width: 100%\"><iframe width=\"100%\" height=\"350\" frameborder=\"0\" scrolling=\"no\" marginheight=\"0\" marginwidth=\"0\" src=\"https:\/\/maps.google.com\/maps?width=100%25&amp;height=600&amp;hl=en&amp;q=Zab%C5%82%C4%99dza%20114D+(PK-System)&amp;t=k&amp;z=17&amp;ie=UTF8&amp;iwloc=B&amp;output=embed\"><a href=\"https:\/\/www.gps.ie\/\">gps tracker sport<\/a><\/iframe><\/div>\n<\/div>\n\n\n\n<div id=\"wp-block-themeisle-blocks-advanced-column-99a7ba8b\" class=\"wp-block-themeisle-blocks-advanced-column has-dark-bg\">\n<div id=\"wp-block-themeisle-blocks-form-1ca3e9df\" class=\"wp-block-themeisle-blocks-form\" data-option-name=\"bf9b28ff82ce323187abc5d0feb0d8f07ecd8436_1ca3e9df\"><form class=\"otter-form__container\">\n<div id=\"wp-block-themeisle-blocks-form-input-5cecf867\" class=\"wp-block-themeisle-blocks-form-input\"><label for=\"wp-block-themeisle-blocks-form-input-5cecf867-input\" class=\"otter-form-input-label\"><span class=\"otter-form-input-label__label\">E-Mail<\/span><span class=\"required\">*<\/span><\/label><input type=\"email\" id=\"wp-block-themeisle-blocks-form-input-5cecf867-input\" required placeholder=\"Adres e-mail\" class=\"otter-form-input\"\/><\/div>\n\n\n\n<div id=\"wp-block-themeisle-blocks-form-textarea-e47148be\" class=\"wp-block-themeisle-blocks-form-textarea\"><label for=\"wp-block-themeisle-blocks-form-textarea-e47148be-input\" class=\"otter-form-textarea-label\"><span class=\"otter-form-textarea-label__label\">Wiadomo\u015b\u0107<\/span><span class=\"required\">*<\/span><\/label><textarea id=\"wp-block-themeisle-blocks-form-textarea-e47148be-input\" required placeholder=\"Wy\u015blij zapytanie\" rows=\"10\" class=\"otter-form-textarea-input\"><\/textarea><\/div>\n\n\n<div class=\"protection\" aria-hidden=\"true\"><input type=\"hidden\" id=\"wp-block-themeisle-blocks-form-1ca3e9df_nonce_field\" name=\"wp-block-themeisle-blocks-form-1ca3e9df_nonce_field\" value=\"97b082c4c2\" \/><input type=\"hidden\" name=\"_wp_http_referer\" value=\"\/index.php\/wp-json\/wp\/v2\/pages\/174\" \/><input class=\"o-anti-bot\" type=\"checkbox\"><\/div><div class=\"wp-block-button\"><button class=\"wp-block-button__link\" type=\"submit\">Wy\u015blij<\/button><\/div><\/form><\/div>\n<\/div>\n<\/div><\/div>\n\n\n\n<p><\/p>\n","protected":false},"excerpt":{"rendered":"","protected":false},"author":1,"featured_media":0,"parent":0,"menu_order":0,"comment_status":"closed","ping_status":"closed","template":"page-templates\/template-pagebuilder-full-width.php","meta":{"_eb_attr":"","neve_meta_sidebar":"full-width","neve_meta_container":"","neve_meta_enable_content_width":"on","neve_meta_content_width":100,"neve_meta_title_alignment":"","neve_meta_author_avatar":"","neve_post_elements_order":"","neve_meta_disable_header":"","neve_meta_disable_footer":"","neve_meta_disable_title":"","_themeisle_gutenberg_block_has_review":false,"footnotes":""},"class_list":["post-174","page","type-page","status-publish","hentry"],"_links":{"self":[{"href":"https:\/\/pk-system.pl\/index.php\/wp-json\/wp\/v2\/pages\/174","targetHints":{"allow":["GET"]}}],"collection":[{"href":"https:\/\/pk-system.pl\/index.php\/wp-json\/wp\/v2\/pages"}],"about":[{"href":"https:\/\/pk-system.pl\/index.php\/wp-json\/wp\/v2\/types\/page"}],"author":[{"embeddable":true,"href":"https:\/\/pk-system.pl\/index.php\/wp-json\/wp\/v2\/users\/1"}],"replies":[{"embeddable":true,"href":"https:\/\/pk-system.pl\/index.php\/wp-json\/wp\/v2\/comments?post=174"}],"version-history":[{"count":33,"href":"https:\/\/pk-system.pl\/index.php\/wp-json\/wp\/v2\/pages\/174\/revisions"}],"predecessor-version":[{"id":592,"href":"https:\/\/pk-system.pl\/index.php\/wp-json\/wp\/v2\/pages\/174\/revisions\/592"}],"wp:attachment":[{"href":"https:\/\/pk-system.pl\/index.php\/wp-json\/wp\/v2\/media?parent=174"}],"curies":[{"name":"wp","href":"https:\/\/api.w.org\/{rel}","templated":true}]}}